{"id":15934,"date":"2025-08-01T09:57:45","date_gmt":"2025-08-01T09:57:45","guid":{"rendered":"https:\/\/waterma.lt\/?page_id=15934"},"modified":"2025-08-29T10:23:02","modified_gmt":"2025-08-29T10:23:02","slug":"oro-kondicionieriu-irengimas","status":"publish","type":"page","link":"https:\/\/waterma.lt\/index.php\/oro-kondicionieriu-irengimas\/","title":{"rendered":"Oro kondicionieri\u0173 \u012frengimas"},"content":{"rendered":"\t\t<div data-elementor-type=\"wp-page\" data-elementor-id=\"15934\" class=\"elementor elementor-15934\" data-elementor-post-type=\"page\">\n\t\t\t\t<div class=\"wd-negative-gap elementor-element elementor-element-7c7c544 e-flex e-con-boxed e-con e-parent\" data-id=\"7c7c544\" data-element_type=\"container\">\n\t\t\t\t\t<div class=\"e-con-inner\">\n\t\t<div class=\"elementor-element elementor-element-97d6084 e-con-full e-flex e-con e-child\" data-id=\"97d6084\" data-element_type=\"container\">\n\t\t\t\t<div class=\"elementor-element elementor-element-98d830b elementor-widget__width-initial wd-width-100 elementor-widget elementor-widget-wd_title\" data-id=\"98d830b\" data-element_type=\"widget\" data-widget_type=\"wd_title.default\">\n\t\t\t\t<div class=\"elementor-widget-container\">\n\t\t\t\t\t\t\t<div class=\"title-wrapper wd-set-mb reset-last-child wd-title-color-primary wd-title-style-default wd-title-size-large text-center\">\n\n\t\t\t\n\t\t\t<div class=\"liner-continer\">\n\t\t\t\t<h4 class=\"woodmart-title-container title wd-fontsize-xxl\">Oro kondicionieri\u0173 \u012frengimas<\/h4> \n\t\t\t\t\t\t\t<\/div>\n\n\t\t\t\t\t<\/div>\n\t\t\t\t\t\t<\/div>\n\t\t\t\t<\/div>\n\t\t\t\t<div class=\"elementor-element elementor-element-cc5cb2c elementor-widget elementor-widget-image\" data-id=\"cc5cb2c\" data-element_type=\"widget\" data-widget_type=\"image.default\">\n\t\t\t\t<div class=\"elementor-widget-container\">\n\t\t\t\t\t\t\t\t\t\t\t\t\t\t\t<img fetchpriority=\"high\" decoding=\"async\" width=\"814\" height=\"703\" src=\"https:\/\/waterma.lt\/wp-content\/uploads\/2025\/08\/geo11.jpg\" class=\"attachment-large size-large wp-image-27863\" alt=\"\" srcset=\"https:\/\/waterma.lt\/wp-content\/uploads\/2025\/08\/geo11.jpg 814w, https:\/\/waterma.lt\/wp-content\/uploads\/2025\/08\/geo11-347x300.jpg 347w, https:\/\/waterma.lt\/wp-content\/uploads\/2025\/08\/geo11-768x663.jpg 768w, https:\/\/waterma.lt\/wp-content\/uploads\/2025\/08\/geo11-430x371.jpg 430w, https:\/\/waterma.lt\/wp-content\/uploads\/2025\/08\/geo11-700x605.jpg 700w, https:\/\/waterma.lt\/wp-content\/uploads\/2025\/08\/geo11-150x130.jpg 150w\" sizes=\"(max-width: 814px) 100vw, 814px\" \/>\t\t\t\t\t\t\t\t\t\t\t\t\t\t\t<\/div>\n\t\t\t\t<\/div>\n\t\t\t\t<div class=\"elementor-element elementor-element-66e47ad elementor-widget elementor-widget-wd_text_block\" data-id=\"66e47ad\" data-element_type=\"widget\" data-widget_type=\"wd_text_block.default\">\n\t\t\t\t<div class=\"elementor-widget-container\">\n\t\t\t\t\t\t\t<div class=\"wd-text-block reset-last-child text-left\">\n\t\t\t\n\t\t\t<h3 data-start=\"266\" data-end=\"332\">Profesionalus oro kondicionieri\u0173 montavimas visoje Lietuvoje<\/h3><p data-start=\"333\" data-end=\"602\">Ie\u0161kote patikimo specialisto oro kondicionieriaus \u012frengimui? <strong data-start=\"394\" data-end=\"410\">MB \u201eWaterma\u201c<\/strong> si\u016blo profesionalias oro kondicionieri\u0173 montavimo paslaugas tiek namams, tiek biurams ar komercin\u0117ms patalpoms. M\u016bs\u0173 tikslas \u2013 u\u017etikrinti j\u016bs\u0173 komfort\u0105 ir patalp\u0173 temperat\u016br\u0105 i\u0161tisus metus.<\/p><hr data-start=\"604\" data-end=\"607\" \/><h2 data-start=\"609\" data-end=\"638\">Kod\u0117l verta rinktis mus?<\/h2><ul data-start=\"639\" data-end=\"1183\"><li data-start=\"639\" data-end=\"762\"><p data-start=\"641\" data-end=\"762\">\u2714 <strong data-start=\"643\" data-end=\"674\">Patirtis ir profesionalumas<\/strong> \u2013 dirbame tik su patikrintais sprendimais, laikydamiesi vis\u0173 gamintoj\u0173 rekomendacij\u0173.<\/p><\/li><li data-start=\"763\" data-end=\"879\"><p data-start=\"765\" data-end=\"879\">\u2714 <strong data-start=\"767\" data-end=\"792\">Visi montavimo darbai<\/strong> \u2013 nuo sienini\u0173 buitini\u0173 kondicionieri\u0173 iki sud\u0117ting\u0173 sistem\u0173 (kasetini\u0173, kanalini\u0173).<\/p><\/li><li data-start=\"880\" data-end=\"974\"><p data-start=\"882\" data-end=\"974\">\u2714 <strong data-start=\"884\" data-end=\"916\">Greitas ir tvarkingas darbas<\/strong> \u2013 u\u017etikriname \u0161vari\u0105 ir kokybi\u0161k\u0105 \u012frangos instaliacij\u0105.<\/p><\/li><li data-start=\"975\" data-end=\"1109\"><p data-start=\"977\" data-end=\"1109\">\u2714 <strong data-start=\"979\" data-end=\"1009\">Konsultacija ir parinkimas<\/strong> \u2013 padedame i\u0161sirinkti tinkamiausi\u0105 oro kondicionieri\u0173 pagal patalpos dyd\u012f, poreikius ir biud\u017eet\u0105.<\/p><\/li><li data-start=\"1110\" data-end=\"1183\"><p data-start=\"1112\" data-end=\"1183\">\u2714 <strong data-start=\"1114\" data-end=\"1135\">Garantija darbams<\/strong> \u2013 suteikiame atsakomyb\u0119 u\u017e atlikt\u0105 montavim\u0105.<\/p><\/li><\/ul><hr data-start=\"1185\" data-end=\"1188\" \/><h2 data-start=\"1190\" data-end=\"1229\">Kokius kondicionierius montuojame?<\/h2><ul data-start=\"1230\" data-end=\"1482\"><li data-start=\"1230\" data-end=\"1304\"><p data-start=\"1232\" data-end=\"1304\">Buitinius sieninius oro kondicionierius (oras\u2013oras \u0161ilumos siurbliai).<\/p><\/li><li data-start=\"1305\" data-end=\"1352\"><p data-start=\"1307\" data-end=\"1352\">Mobilias ir stacionarias v\u0117sinimo sistemas.<\/p><\/li><li data-start=\"1353\" data-end=\"1415\"><p data-start=\"1355\" data-end=\"1415\">Kasetinius, kanalinius ir komercinius oro kondicionierius.<\/p><\/li><li data-start=\"1416\" data-end=\"1482\"><p data-start=\"1418\" data-end=\"1482\">I\u0161mani\u0173j\u0173 funkcij\u0173 turin\u010dius \u012frenginius su nuotoliniu valdymu.<\/p><\/li><\/ul><hr data-start=\"1484\" data-end=\"1487\" \/><h2 data-start=\"1489\" data-end=\"1508\">Paslaugos eiga<\/h2><ol data-start=\"1509\" data-end=\"1925\"><li data-start=\"1509\" data-end=\"1608\"><p data-start=\"1512\" data-end=\"1608\"><strong data-start=\"1512\" data-end=\"1528\">Konsultacija<\/strong> \u2013 \u012fvertiname j\u016bs\u0173 patalp\u0105, poreikius ir rekomenduojame tinkamiausi\u0105 \u012frengin\u012f.<\/p><\/li><li data-start=\"1609\" data-end=\"1711\"><p data-start=\"1612\" data-end=\"1711\"><strong data-start=\"1612\" data-end=\"1626\">Montavimas<\/strong> \u2013 atliekame visus reikalingus darbus: \u012frangos instaliacij\u0105, prijungim\u0105, testavim\u0105.<\/p><\/li><li data-start=\"1712\" data-end=\"1810\"><p data-start=\"1715\" data-end=\"1810\"><strong data-start=\"1715\" data-end=\"1730\">Instrukcija<\/strong> \u2013 supa\u017eindiname, kaip naudotis oro kondicionieriumi ir pri\u017ei\u016br\u0117ti j\u012f kasdien.<\/p><\/li><li data-start=\"1811\" data-end=\"1925\"><p data-start=\"1814\" data-end=\"1925\"><strong data-start=\"1814\" data-end=\"1840\">Garantija ir prie\u017ei\u016bra<\/strong> \u2013 suteikiame garantij\u0105 atliktiems darbams, prireikus atliekame technin\u0119 prie\u017ei\u016br\u0105.<\/p><\/li><\/ol><hr data-start=\"1927\" data-end=\"1930\" \/><h2 data-start=\"1932\" data-end=\"1960\">Kreipkit\u0117s jau \u0161iandien<\/h2><p data-start=\"1961\" data-end=\"2101\">\ud83d\udccd <strong data-start=\"1964\" data-end=\"1980\">MB \u201eWaterma\u201c<\/strong> \u2013 patikimas partneris oro kondicionieri\u0173 montavimo srityje.<br data-start=\"2040\" data-end=\"2043\" \/>\ud83d\udcde Tel.: +370 630 41914<br data-start=\"2066\" data-end=\"2069\" \/>\u2709\ufe0f El. pa\u0161tas: <a class=\"decorated-link cursor-pointer\" rel=\"noopener\" data-start=\"2084\" data-end=\"2099\">info@waterma.lt<\/a><\/p><hr data-start=\"2103\" data-end=\"2106\" \/><p data-start=\"2108\" data-end=\"2223\">\ud83d\udc49 Su MB \u201eWaterma\u201c j\u016bs\u0173 namuose ar biure visada bus tinkama temperat\u016bra \u2013 tiek kar\u0161t\u0105 vasar\u0105, tiek \u017evarbi\u0105 \u017eiem\u0105.<\/p>\n\t\t\t\t\t<\/div>\n\t\t\t\t\t\t<\/div>\n\t\t\t\t<\/div>\n\t\t<div class=\"elementor-element elementor-element-3eef7d8 e-con-full e-flex e-con e-child\" data-id=\"3eef7d8\" data-element_type=\"container\">\n\t\t\t\t<div class=\"elementor-element elementor-element-ee232e9 elementor-widget__width-auto elementor-hidden-phone elementor-widget elementor-widget-wd_social_buttons\" data-id=\"ee232e9\" data-element_type=\"widget\" data-widget_type=\"wd_social_buttons.default\">\n\t\t\t\t<div class=\"elementor-widget-container\">\n\t\t\t\t\t\t\t\t<div\n\t\t\t\t\t\tclass=\" wd-social-icons wd-style-colored-alt wd-size-small social-share wd-shape-circle color-scheme-dark text-left\">\n\t\t\t\t\n\t\t\t\t\n\t\t\t\t\t\t\t\t\t<a rel=\"noopener noreferrer nofollow\" href=\"https:\/\/www.facebook.com\/sharer\/sharer.php?u=https:\/\/waterma.lt\/index.php\/oro-kondicionieriu-irengimas\/\" target=\"_blank\" class=\" wd-social-icon social-facebook\" aria-label=\"Facebook social link\">\n\t\t\t\t\t\t<span class=\"wd-icon\"><\/span>\n\t\t\t\t\t\t\t\t\t\t\t<\/a>\n\t\t\t\t\n\t\t\t\t\t\t\t\t\t<a rel=\"noopener noreferrer nofollow\" href=\"https:\/\/x.com\/share?url=https:\/\/waterma.lt\/index.php\/oro-kondicionieriu-irengimas\/\" target=\"_blank\" class=\" wd-social-icon social-twitter\" aria-label=\"X social link\">\n\t\t\t\t\t\t<span class=\"wd-icon\"><\/span>\n\t\t\t\t\t\t\t\t\t\t\t<\/a>\n\t\t\t\t\n\t\t\t\t\n\t\t\t\t\n\t\t\t\t\n\t\t\t\t\n\t\t\t\t\n\t\t\t\t\t\t\t\t\t<a rel=\"noopener noreferrer nofollow\" href=\"https:\/\/pinterest.com\/pin\/create\/button\/?url=https:\/\/waterma.lt\/index.php\/oro-kondicionieriu-irengimas\/&media=https:\/\/waterma.lt\/wp-includes\/images\/media\/default.svg&description=Oro+kondicionieri%C5%B3+%C4%AFrengimas\" target=\"_blank\" class=\" wd-social-icon social-pinterest\" aria-label=\"Pinterest social link\">\n\t\t\t\t\t\t<span class=\"wd-icon\"><\/span>\n\t\t\t\t\t\t\t\t\t\t\t<\/a>\n\t\t\t\t\n\t\t\t\t\n\t\t\t\t\t\t\t\t\t<a rel=\"noopener noreferrer nofollow\" href=\"https:\/\/www.linkedin.com\/shareArticle?mini=true&url=https:\/\/waterma.lt\/index.php\/oro-kondicionieriu-irengimas\/\" target=\"_blank\" class=\" wd-social-icon social-linkedin\" aria-label=\"Linkedin social link\">\n\t\t\t\t\t\t<span class=\"wd-icon\"><\/span>\n\t\t\t\t\t\t\t\t\t\t\t<\/a>\n\t\t\t\t\n\t\t\t\t\n\t\t\t\t\n\t\t\t\t\n\t\t\t\t\n\t\t\t\t\n\t\t\t\t\n\t\t\t\t\n\t\t\t\t\n\t\t\t\t\n\t\t\t\t\n\t\t\t\t\n\t\t\t\t\n\t\t\t\t\n\t\t\t\t\n\t\t\t\t\t\t\t\t\t<a rel=\"noopener noreferrer nofollow\" href=\"https:\/\/telegram.me\/share\/url?url=https:\/\/waterma.lt\/index.php\/oro-kondicionieriu-irengimas\/\" target=\"_blank\" class=\" wd-social-icon social-tg\" aria-label=\"Telegram social link\">\n\t\t\t\t\t\t<span class=\"wd-icon\"><\/span>\n\t\t\t\t\t\t\t\t\t\t\t<\/a>\n\t\t\t\t\n\t\t\t\t\n\t\t\t<\/div>\n\n\t\t\t\t\t\t<\/div>\n\t\t\t\t<\/div>\n\t\t\t\t<\/div>\n\t\t\t\t<\/div>\n\t\t\t\t\t<\/div>\n\t\t\t\t<\/div>\n\t\t\t\t<\/div>\n\t\t","protected":false},"excerpt":{"rendered":"<p>Oro kondicionieri\u0173 \u012frengimas Profesionalus oro kondicionieri\u0173 montavimas visoje Lietuvoje Ie\u0161kote patikimo specialisto oro kondicionieriaus \u012frengimui? MB \u201eWaterma\u201c si\u016blo profesionalias oro<\/p>\n","protected":false},"author":1,"featured_media":0,"parent":0,"menu_order":0,"comment_status":"closed","ping_status":"closed","template":"","meta":{"footnotes":""},"class_list":["post-15934","page","type-page","status-publish","hentry"],"_links":{"self":[{"href":"https:\/\/waterma.lt\/index.php\/wp-json\/wp\/v2\/pages\/15934","targetHints":{"allow":["GET"]}}],"collection":[{"href":"https:\/\/waterma.lt\/index.php\/wp-json\/wp\/v2\/pages"}],"about":[{"href":"https:\/\/waterma.lt\/index.php\/wp-json\/wp\/v2\/types\/page"}],"author":[{"embeddable":true,"href":"https:\/\/waterma.lt\/index.php\/wp-json\/wp\/v2\/users\/1"}],"replies":[{"embeddable":true,"href":"https:\/\/waterma.lt\/index.php\/wp-json\/wp\/v2\/comments?post=15934"}],"version-history":[{"count":17,"href":"https:\/\/waterma.lt\/index.php\/wp-json\/wp\/v2\/pages\/15934\/revisions"}],"predecessor-version":[{"id":27919,"href":"https:\/\/waterma.lt\/index.php\/wp-json\/wp\/v2\/pages\/15934\/revisions\/27919"}],"wp:attachment":[{"href":"https:\/\/waterma.lt\/index.php\/wp-json\/wp\/v2\/media?parent=15934"}],"curies":[{"name":"wp","href":"https:\/\/api.w.org\/{rel}","templated":true}]}}