{"id":16056,"date":"2025-08-04T22:25:58","date_gmt":"2025-08-04T22:25:58","guid":{"rendered":"https:\/\/waterma.lt\/?page_id=16056"},"modified":"2025-08-29T10:24:39","modified_gmt":"2025-08-29T10:24:39","slug":"oro-kondicionieriu-servisas","status":"publish","type":"page","link":"https:\/\/waterma.lt\/index.php\/oro-kondicionieriu-servisas\/","title":{"rendered":"Oro kondicionieri\u0173 servisas"},"content":{"rendered":"\t\t<div data-elementor-type=\"wp-page\" data-elementor-id=\"16056\" class=\"elementor elementor-16056\" data-elementor-post-type=\"page\">\n\t\t\t\t<div class=\"wd-negative-gap elementor-element elementor-element-365f90b e-flex e-con-boxed e-con e-parent\" data-id=\"365f90b\" data-element_type=\"container\">\n\t\t\t\t\t<div class=\"e-con-inner\">\n\t\t\t\t<div class=\"elementor-element elementor-element-6a5172a elementor-widget elementor-widget-heading\" data-id=\"6a5172a\" data-element_type=\"widget\" data-widget_type=\"heading.default\">\n\t\t\t\t<div class=\"elementor-widget-container\">\n\t\t\t\t\t<h2 class=\"elementor-heading-title elementor-size-default\">Oro kondicionieri\u0173 servisas<\/h2>\t\t\t\t<\/div>\n\t\t\t\t<\/div>\n\t\t\t\t<div class=\"elementor-element elementor-element-6b3f5d0 color-scheme-inherit text-left elementor-widget elementor-widget-text-editor\" data-id=\"6b3f5d0\" data-element_type=\"widget\" data-widget_type=\"text-editor.default\">\n\t\t\t\t<div class=\"elementor-widget-container\">\n\t\t\t\t\t\t\t\t\t<h3 data-start=\"206\" data-end=\"270\">Profesionalus oro kondicionieri\u0173 aptarnavimas ir prie\u017ei\u016bra<\/h3><p data-start=\"271\" data-end=\"520\">Kad oro kondicionierius veikt\u0173 patikimai ir u\u017etikrint\u0173 patalpos temperat\u016br\u0105, b\u016btina reguliari prie\u017ei\u016bra. <strong data-start=\"375\" data-end=\"391\">MB \u201eWaterma\u201c<\/strong> si\u016blo profesionalias oro kondicionieri\u0173 serviso paslaugas visoje Lietuvoje \u2013 nuo profilaktin\u0117s prie\u017ei\u016bros iki gedim\u0173 \u0161alinimo.<\/p><p data-start=\"522\" data-end=\"621\">M\u016bs\u0173 tikslas \u2013 kad j\u016bs\u0173 \u012franga tarnaut\u0173 ilgiau, veikt\u0173 efektyviau ir nekelt\u0173 nenumatyt\u0173 problem\u0173.<\/p><hr data-start=\"623\" data-end=\"626\" \/><h2 data-start=\"628\" data-end=\"677\">Kod\u0117l reikalingas kondicionieriaus servisas?<\/h2><ul data-start=\"678\" data-end=\"959\"><li data-start=\"678\" data-end=\"732\"><p data-start=\"680\" data-end=\"732\">\u2714 U\u017etikrina <strong data-start=\"692\" data-end=\"729\">ilgesn\u012f \u012frenginio tarnavimo laik\u0105<\/strong>.<\/p><\/li><li data-start=\"733\" data-end=\"787\"><p data-start=\"735\" data-end=\"787\">\u2714 Padeda palaikyti <strong data-start=\"754\" data-end=\"784\">ma\u017eesnes elektros s\u0105naudas<\/strong>.<\/p><\/li><li data-start=\"788\" data-end=\"858\"><p data-start=\"790\" data-end=\"858\">\u2714 U\u017ekerta keli\u0105 <strong data-start=\"806\" data-end=\"855\">nemaloniems kvapams ir bakterij\u0173 dauginimuisi<\/strong>.<\/p><\/li><li data-start=\"859\" data-end=\"910\"><p data-start=\"861\" data-end=\"910\">\u2714 U\u017etikrina <strong data-start=\"873\" data-end=\"907\">tylesn\u012f ir efektyvesn\u012f veikim\u0105<\/strong>.<\/p><\/li><li data-start=\"911\" data-end=\"959\"><p data-start=\"913\" data-end=\"959\">\u2714 Leid\u017eia i\u0161vengti brangi\u0173 remont\u0173 ateityje.<\/p><\/li><\/ul><hr data-start=\"961\" data-end=\"964\" \/><h2 data-start=\"966\" data-end=\"997\">M\u016bs\u0173 atliekamos paslaugos:<\/h2><ul data-start=\"998\" data-end=\"1273\"><li data-start=\"998\" data-end=\"1048\"><p data-start=\"1000\" data-end=\"1048\">Oro kondicionieri\u0173 <strong data-start=\"1019\" data-end=\"1034\">diagnostika<\/strong> ir patikra.<\/p><\/li><li data-start=\"1049\" data-end=\"1104\"><p data-start=\"1051\" data-end=\"1104\"><strong data-start=\"1051\" data-end=\"1072\">Freono papildymas<\/strong> ir sistemos sandarumo testai.<\/p><\/li><li data-start=\"1105\" data-end=\"1162\"><p data-start=\"1107\" data-end=\"1162\"><strong data-start=\"1107\" data-end=\"1159\">Filtr\u0173, \u0161ilumokai\u010di\u0173 ir drena\u017eo sistemos valymas<\/strong>.<\/p><\/li><li data-start=\"1163\" data-end=\"1212\"><p data-start=\"1165\" data-end=\"1212\">Elektronikos ir valdymo sistem\u0173 patikrinimas.<\/p><\/li><li data-start=\"1213\" data-end=\"1273\"><p data-start=\"1215\" data-end=\"1273\">Oro kondicionieri\u0173 <strong data-start=\"1234\" data-end=\"1246\">remontas<\/strong> (jei aptinkami gedimai).<\/p><\/li><\/ul><p data-start=\"1275\" data-end=\"1393\">\ud83d\udc49 Rekomenduojame kondicionieri\u0173 servis\u0105 atlikti bent <strong data-start=\"1329\" data-end=\"1353\">1\u20132 kartus per metus<\/strong> \u2013 prie\u0161 \u0161ildymo arba v\u0117sinimo sezon\u0105.<\/p><hr data-start=\"1395\" data-end=\"1398\" \/><h2 data-start=\"1400\" data-end=\"1432\">Kod\u0117l rinktis MB \u201eWaterma\u201c?<\/h2><ul data-start=\"1433\" data-end=\"1718\"><li data-start=\"1433\" data-end=\"1477\"><p data-start=\"1435\" data-end=\"1477\">\u2705 Patyr\u0119 meistrai su ilgamete patirtimi.<\/p><\/li><li data-start=\"1478\" data-end=\"1535\"><p data-start=\"1480\" data-end=\"1535\">\u2705 Darbus atliekame greitai, tvarkingai ir kokybi\u0161kai.<\/p><\/li><li data-start=\"1536\" data-end=\"1614\"><p data-start=\"1538\" data-end=\"1614\">\u2705 Dirbame su vis\u0173 tip\u0173 oro kondicionieriais \u2013 buitine ir komercine \u012franga.<\/p><\/li><li data-start=\"1615\" data-end=\"1661\"><p data-start=\"1617\" data-end=\"1661\">\u2705 Suteikiame garantij\u0105 atliktiems darbams.<\/p><\/li><li data-start=\"1662\" data-end=\"1718\"><p data-start=\"1664\" data-end=\"1718\">\u2705 Konsultuojame, kaip teisingai eksploatuoti \u012frang\u0105.<\/p><\/li><\/ul><hr data-start=\"1720\" data-end=\"1723\" \/><h2 data-start=\"1725\" data-end=\"1780\">U\u017esisakykite kondicionieriaus servis\u0105 jau \u0161iandien<\/h2><p data-start=\"1781\" data-end=\"1927\">\ud83d\udccd <strong data-start=\"1784\" data-end=\"1800\">MB \u201eWaterma\u201c<\/strong> \u2013 j\u016bs\u0173 patikimas partneris oro kondicionieri\u0173 prie\u017ei\u016bros srityje.<br data-start=\"1866\" data-end=\"1869\" \/>\ud83d\udcde Tel.: +370 630 41914<br data-start=\"1892\" data-end=\"1895\" \/>\u2709\ufe0f El. pa\u0161tas: <a class=\"decorated-link cursor-pointer\" rel=\"noopener\" data-start=\"1910\" data-end=\"1925\">info@waterma.lt<\/a><\/p><hr data-start=\"1929\" data-end=\"1932\" \/><p data-start=\"1934\" data-end=\"2059\">\ud83d\udc49 R\u016bpestingas kondicionieriaus aptarnavimas \u2013 tai ma\u017eesn\u0117s i\u0161laidos ir patogus klimatas j\u016bs\u0173 namuose ar biure visus metus.<\/p>\t\t\t\t\t\t\t\t<\/div>\n\t\t\t\t<\/div>\n\t\t\t\t\t<\/div>\n\t\t\t\t<\/div>\n\t\t\t\t<\/div>\n\t\t","protected":false},"excerpt":{"rendered":"<p>Oro kondicionieri\u0173 servisas Profesionalus oro kondicionieri\u0173 aptarnavimas ir prie\u017ei\u016bra Kad oro kondicionierius veikt\u0173 patikimai ir u\u017etikrint\u0173 patalpos temperat\u016br\u0105, b\u016btina reguliari<\/p>\n","protected":false},"author":1,"featured_media":0,"parent":0,"menu_order":0,"comment_status":"closed","ping_status":"closed","template":"","meta":{"footnotes":""},"class_list":["post-16056","page","type-page","status-publish","hentry"],"_links":{"self":[{"href":"https:\/\/waterma.lt\/index.php\/wp-json\/wp\/v2\/pages\/16056","targetHints":{"allow":["GET"]}}],"collection":[{"href":"https:\/\/waterma.lt\/index.php\/wp-json\/wp\/v2\/pages"}],"about":[{"href":"https:\/\/waterma.lt\/index.php\/wp-json\/wp\/v2\/types\/page"}],"author":[{"embeddable":true,"href":"https:\/\/waterma.lt\/index.php\/wp-json\/wp\/v2\/users\/1"}],"replies":[{"embeddable":true,"href":"https:\/\/waterma.lt\/index.php\/wp-json\/wp\/v2\/comments?post=16056"}],"version-history":[{"count":11,"href":"https:\/\/waterma.lt\/index.php\/wp-json\/wp\/v2\/pages\/16056\/revisions"}],"predecessor-version":[{"id":27925,"href":"https:\/\/waterma.lt\/index.php\/wp-json\/wp\/v2\/pages\/16056\/revisions\/27925"}],"wp:attachment":[{"href":"https:\/\/waterma.lt\/index.php\/wp-json\/wp\/v2\/media?parent=16056"}],"curies":[{"name":"wp","href":"https:\/\/api.w.org\/{rel}","templated":true}]}}