{"id":4400,"date":"2021-10-12T15:51:09","date_gmt":"2021-10-12T15:51:09","guid":{"rendered":"http:\/\/dummy.xtemos.com\/woodmart2\/elementor\/?page_id=4400"},"modified":"2025-08-28T19:23:04","modified_gmt":"2025-08-28T19:23:04","slug":"apie-mus","status":"publish","type":"page","link":"https:\/\/waterma.lt\/index.php\/apie-mus\/","title":{"rendered":"Apie mus"},"content":{"rendered":"\t\t<div data-elementor-type=\"wp-page\" data-elementor-id=\"4400\" class=\"elementor elementor-4400\" data-elementor-post-type=\"page\">\n\t\t\t\t<div class=\"wd-negative-gap elementor-element elementor-element-7c7c544 e-flex e-con-boxed e-con e-parent\" data-id=\"7c7c544\" data-element_type=\"container\">\n\t\t\t\t\t<div class=\"e-con-inner\">\n\t\t<div class=\"elementor-element elementor-element-97d6084 e-con-full e-flex e-con e-child\" data-id=\"97d6084\" data-element_type=\"container\">\n\t\t\t\t<div class=\"elementor-element elementor-element-98d830b elementor-widget__width-initial wd-width-100 elementor-widget elementor-widget-wd_title\" data-id=\"98d830b\" data-element_type=\"widget\" data-widget_type=\"wd_title.default\">\n\t\t\t\t<div class=\"elementor-widget-container\">\n\t\t\t\t\t\t\t<div class=\"title-wrapper wd-set-mb reset-last-child wd-title-color-primary wd-title-style-default wd-title-size-large text-center\">\n\n\t\t\t\n\t\t\t<div class=\"liner-continer\">\n\t\t\t\t<h4 class=\"woodmart-title-container title wd-fontsize-xxl\">Apie mus \u2013 MB \u201eWaterma\u201c<\/h4> \n\t\t\t\t\t\t\t<\/div>\n\n\t\t\t\t\t<\/div>\n\t\t\t\t\t\t<\/div>\n\t\t\t\t<\/div>\n\t\t\t\t<div class=\"elementor-element elementor-element-66e47ad elementor-widget elementor-widget-wd_text_block\" data-id=\"66e47ad\" data-element_type=\"widget\" data-widget_type=\"wd_text_block.default\">\n\t\t\t\t<div class=\"elementor-widget-container\">\n\t\t\t\t\t\t\t<div class=\"wd-text-block reset-last-child text-left\">\n\t\t\t\n\t\t\t<h3 data-start=\"214\" data-end=\"279\">Patikimas partneris komfortui ir vandens kokybei u\u017etikrinti<\/h3><p data-start=\"280\" data-end=\"523\"><strong data-start=\"280\" data-end=\"296\">MB \u201eWaterma\u201c<\/strong> \u2013 \u012fmon\u0117, kurios tikslas suteikti klientams patikimus, kokybi\u0161kus ir \u0161iuolaiki\u0161kus sprendimus komfortui namuose bei versle. Specializuojam\u0117s <strong data-start=\"437\" data-end=\"520\">oro kondicionieri\u0173, \u0161ilumos siurbli\u0173 ir vandens filtr\u0173 \u012frengime bei aptarnavime<\/strong>.<\/p><p data-start=\"525\" data-end=\"747\">M\u016bs\u0173 komandoje dirba patyr\u0119 specialistai, kurie kiekvien\u0105 projekt\u0105 atlieka atsakingai, profesionaliai ir su d\u0117mesiu detal\u0117ms. Mes siekiame, kad kiekvienas klientas jaust\u0173si u\u017etikrintai ir b\u016bt\u0173 ramus d\u0117l savo pasirinkimo.<\/p><hr data-start=\"749\" data-end=\"752\" \/><h2 data-start=\"754\" data-end=\"778\">M\u016bs\u0173 veiklos sritys<\/h2><ul data-start=\"779\" data-end=\"1065\"><li data-start=\"779\" data-end=\"874\"><p data-start=\"781\" data-end=\"874\"><strong data-start=\"781\" data-end=\"825\">Oro kondicionieri\u0173 \u012frengimas ir servisas<\/strong> \u2013 u\u017etikriname maloni\u0105 temperat\u016br\u0105 visus metus.<\/p><\/li><li data-start=\"875\" data-end=\"979\"><p data-start=\"877\" data-end=\"979\"><strong data-start=\"877\" data-end=\"923\">\u0160ilumos siurbliai oras\u2013oras ir oras\u2013vanduo<\/strong> \u2013 taup\u016bs ir modern\u016bs \u0161ildymo bei v\u0117sinimo sprendimai.<\/p><\/li><li data-start=\"980\" data-end=\"1065\"><p data-start=\"982\" data-end=\"1065\"><strong data-start=\"982\" data-end=\"1010\">Vandens filtr\u0173 \u012frengimas<\/strong> \u2013 \u0161varus, sveikas ir kokybi\u0161kas vanduo j\u016bs\u0173 namuose.<\/p><\/li><\/ul><hr data-start=\"1067\" data-end=\"1070\" \/><h2 data-start=\"1072\" data-end=\"1095\">Kod\u0117l rinktis mus?<\/h2><ul data-start=\"1096\" data-end=\"1558\"><li data-start=\"1096\" data-end=\"1198\"><p data-start=\"1098\" data-end=\"1198\">\u2705 <strong data-start=\"1100\" data-end=\"1112\">Patirtis<\/strong> \u2013 sukaup\u0117me \u017eini\u0173, leid\u017eian\u010di\u0173 parinkti tinkamiausi\u0105 sprendim\u0105 kiekvienam klientui.<\/p><\/li><li data-start=\"1199\" data-end=\"1280\"><p data-start=\"1201\" data-end=\"1280\">\u2705 <strong data-start=\"1203\" data-end=\"1213\">Kokyb\u0117<\/strong> \u2013 naudojame tik patikim\u0105 \u012frang\u0105, o darbams suteikiame garantij\u0105.<\/p><\/li><li data-start=\"1281\" data-end=\"1351\"><p data-start=\"1283\" data-end=\"1351\">\u2705 <strong data-start=\"1285\" data-end=\"1304\">Profesionalumas<\/strong> \u2013 visada laikom\u0117s termin\u0173 ir \u012fsipareigojim\u0173.<\/p><\/li><li data-start=\"1352\" data-end=\"1439\"><p data-start=\"1354\" data-end=\"1439\">\u2705 <strong data-start=\"1356\" data-end=\"1381\">Individualus po\u017ei\u016bris<\/strong> \u2013 sprendimus pritaikome prie j\u016bs\u0173 poreiki\u0173 ir biud\u017eeto.<\/p><\/li><li data-start=\"1440\" data-end=\"1558\"><p data-start=\"1442\" data-end=\"1558\">\u2705 <strong data-start=\"1444\" data-end=\"1469\">Ilgalaikiai santykiai<\/strong> \u2013 mums svarbiausia ne tik atlikti darbus, bet ir u\u017etikrinti j\u016bs\u0173 komfort\u0105 ilgus metus.<\/p><\/li><\/ul><hr data-start=\"1560\" data-end=\"1563\" \/><h2 data-start=\"1565\" data-end=\"1591\">M\u016bs\u0173 misija ir vizija<\/h2><p data-start=\"1592\" data-end=\"1830\">\ud83c\udfaf <strong data-start=\"1595\" data-end=\"1605\">Misija<\/strong> \u2013 u\u017etikrinti klientams komfort\u0105, energijos taupym\u0105 ir sveikesn\u0119 aplink\u0105 kasdien.<br data-start=\"1686\" data-end=\"1689\" \/>\ud83d\udc41\ufe0f <strong data-start=\"1693\" data-end=\"1703\">Vizija<\/strong> \u2013 tapti patikimiausia pasirinkimo vieta Lietuvoje, ie\u0161kant oro kondicionavimo, \u0161ilumos siurbli\u0173 ir vandens filtr\u0173 sprendim\u0173.<\/p><hr data-start=\"1832\" data-end=\"1835\" \/><h2 data-start=\"1837\" data-end=\"1862\">Susisiekite su mumis<\/h2><p data-start=\"1863\" data-end=\"1943\">\ud83d\udccd <strong data-start=\"1866\" data-end=\"1882\">MB \u201eWaterma\u201c<\/strong><br data-start=\"1882\" data-end=\"1885\" \/>\ud83d\udcde Tel.: +370 630 41914<br data-start=\"1908\" data-end=\"1911\" \/>\u2709\ufe0f El. pa\u0161tas: <a class=\"decorated-link cursor-pointer\" rel=\"noopener\" data-start=\"1926\" data-end=\"1941\">info@waterma.lt<\/a><\/p><hr data-start=\"1945\" data-end=\"1948\" \/><p data-start=\"1950\" data-end=\"2049\">\ud83d\udc49 Su MB \u201eWaterma\u201c j\u016bs\u0173 namuose visada bus \u0161varus vanduo, gaivus oras ir optimalus mikroklimatas.<\/p>\n\t\t\t\t\t<\/div>\n\t\t\t\t\t\t<\/div>\n\t\t\t\t<\/div>\n\t\t<div class=\"elementor-element elementor-element-3eef7d8 e-con-full e-flex e-con e-child\" data-id=\"3eef7d8\" data-element_type=\"container\">\n\t\t\t\t<div class=\"elementor-element elementor-element-ee232e9 elementor-widget__width-auto elementor-hidden-phone elementor-widget elementor-widget-wd_social_buttons\" data-id=\"ee232e9\" data-element_type=\"widget\" data-widget_type=\"wd_social_buttons.default\">\n\t\t\t\t<div class=\"elementor-widget-container\">\n\t\t\t\t\t\t\t\t<div\n\t\t\t\t\t\tclass=\" wd-social-icons wd-style-colored-alt wd-size-small social-share wd-shape-circle color-scheme-dark text-left\">\n\t\t\t\t\n\t\t\t\t\n\t\t\t\t\t\t\t\t\t<a rel=\"noopener noreferrer nofollow\" href=\"https:\/\/www.facebook.com\/sharer\/sharer.php?u=https:\/\/waterma.lt\/index.php\/apie-mus\/\" target=\"_blank\" class=\" wd-social-icon social-facebook\" aria-label=\"Facebook social link\">\n\t\t\t\t\t\t<span class=\"wd-icon\"><\/span>\n\t\t\t\t\t\t\t\t\t\t\t<\/a>\n\t\t\t\t\n\t\t\t\t\t\t\t\t\t<a rel=\"noopener noreferrer nofollow\" href=\"https:\/\/x.com\/share?url=https:\/\/waterma.lt\/index.php\/apie-mus\/\" target=\"_blank\" class=\" wd-social-icon social-twitter\" aria-label=\"X social link\">\n\t\t\t\t\t\t<span class=\"wd-icon\"><\/span>\n\t\t\t\t\t\t\t\t\t\t\t<\/a>\n\t\t\t\t\n\t\t\t\t\n\t\t\t\t\n\t\t\t\t\n\t\t\t\t\n\t\t\t\t\n\t\t\t\t\t\t\t\t\t<a rel=\"noopener noreferrer nofollow\" href=\"https:\/\/pinterest.com\/pin\/create\/button\/?url=https:\/\/waterma.lt\/index.php\/apie-mus\/&media=https:\/\/waterma.lt\/wp-includes\/images\/media\/default.svg&description=Apie+mus\" target=\"_blank\" class=\" wd-social-icon social-pinterest\" aria-label=\"Pinterest social link\">\n\t\t\t\t\t\t<span class=\"wd-icon\"><\/span>\n\t\t\t\t\t\t\t\t\t\t\t<\/a>\n\t\t\t\t\n\t\t\t\t\n\t\t\t\t\t\t\t\t\t<a rel=\"noopener noreferrer nofollow\" href=\"https:\/\/www.linkedin.com\/shareArticle?mini=true&url=https:\/\/waterma.lt\/index.php\/apie-mus\/\" target=\"_blank\" class=\" wd-social-icon social-linkedin\" aria-label=\"Linkedin social link\">\n\t\t\t\t\t\t<span class=\"wd-icon\"><\/span>\n\t\t\t\t\t\t\t\t\t\t\t<\/a>\n\t\t\t\t\n\t\t\t\t\n\t\t\t\t\n\t\t\t\t\n\t\t\t\t\n\t\t\t\t\n\t\t\t\t\n\t\t\t\t\n\t\t\t\t\n\t\t\t\t\n\t\t\t\t\n\t\t\t\t\n\t\t\t\t\n\t\t\t\t\n\t\t\t\t\n\t\t\t\t\t\t\t\t\t<a rel=\"noopener noreferrer nofollow\" href=\"https:\/\/telegram.me\/share\/url?url=https:\/\/waterma.lt\/index.php\/apie-mus\/\" target=\"_blank\" class=\" wd-social-icon social-tg\" aria-label=\"Telegram social link\">\n\t\t\t\t\t\t<span class=\"wd-icon\"><\/span>\n\t\t\t\t\t\t\t\t\t\t\t<\/a>\n\t\t\t\t\n\t\t\t\t\n\t\t\t<\/div>\n\n\t\t\t\t\t\t<\/div>\n\t\t\t\t<\/div>\n\t\t\t\t<\/div>\n\t\t\t\t<\/div>\n\t\t\t\t\t<\/div>\n\t\t\t\t<\/div>\n\t\t\t\t<\/div>\n\t\t","protected":false},"excerpt":{"rendered":"<p>Apie mus \u2013 MB \u201eWaterma\u201c Patikimas partneris komfortui ir vandens kokybei u\u017etikrinti MB \u201eWaterma\u201c \u2013 \u012fmon\u0117, kurios tikslas suteikti klientams<\/p>\n","protected":false},"author":1,"featured_media":0,"parent":0,"menu_order":0,"comment_status":"closed","ping_status":"closed","template":"","meta":{"footnotes":""},"class_list":["post-4400","page","type-page","status-publish","hentry"],"_links":{"self":[{"href":"https:\/\/waterma.lt\/index.php\/wp-json\/wp\/v2\/pages\/4400","targetHints":{"allow":["GET"]}}],"collection":[{"href":"https:\/\/waterma.lt\/index.php\/wp-json\/wp\/v2\/pages"}],"about":[{"href":"https:\/\/waterma.lt\/index.php\/wp-json\/wp\/v2\/types\/page"}],"author":[{"embeddable":true,"href":"https:\/\/waterma.lt\/index.php\/wp-json\/wp\/v2\/users\/1"}],"replies":[{"embeddable":true,"href":"https:\/\/waterma.lt\/index.php\/wp-json\/wp\/v2\/comments?post=4400"}],"version-history":[{"count":19,"href":"https:\/\/waterma.lt\/index.php\/wp-json\/wp\/v2\/pages\/4400\/revisions"}],"predecessor-version":[{"id":27892,"href":"https:\/\/waterma.lt\/index.php\/wp-json\/wp\/v2\/pages\/4400\/revisions\/27892"}],"wp:attachment":[{"href":"https:\/\/waterma.lt\/index.php\/wp-json\/wp\/v2\/media?parent=4400"}],"curies":[{"name":"wp","href":"https:\/\/api.w.org\/{rel}","templated":true}]}}