{"id":27865,"date":"2025-08-28T18:59:12","date_gmt":"2025-08-28T18:59:12","guid":{"rendered":"https:\/\/waterma.lt\/?post_type=product&#038;p=27865"},"modified":"2025-08-28T18:59:52","modified_gmt":"2025-08-28T18:59:52","slug":"samsung-windfree-nordic-sieninis-oras-oras-silumos-siurblys-3-5-4-0-kw-ar12txcacwknee-ar12txcacwkxee","status":"publish","type":"product","link":"https:\/\/waterma.lt\/index.php\/produktas\/samsung-windfree-nordic-sieninis-oras-oras-silumos-siurblys-3-5-4-0-kw-ar12txcacwknee-ar12txcacwkxee\/","title":{"rendered":"Samsung WindFree Nordic sieninis oras oras \u0161ilumos siurblys 3.5\/4.0 kW AR12TXCACWKNEE, AR12TXCACWKXEE"},"content":{"rendered":"<h2>\u201eNordic WindFree\u2122 Geo\u201c<\/h2>\n<p>Su \u201eNordic WindFree\u2122 Geo\u201c ne tik m\u0117gausit\u0117s optimaliu v\u0117sinimu be \u0161alt\u0173 skersv\u0117j\u0173 vasar\u0105, bet ir \u0161iltu bei komforti\u0161ku klimatu patalpoje \u017eiem\u0105, naudodami \u0161ildymo funkcij\u0105. Naudojant i\u0161maniuosius valdiklius, prisitaikan\u010dius prie j\u016bs\u0173 asmenini\u0173 poreiki\u0173, namuose sudaromas komforti\u0161kas klimatas ir automati\u0161kai nustatomos optimalios s\u0105lygos.<\/p>\n<h2><strong>\u0160ildymas iki \u201330 \u00b0C<\/strong><\/h2>\n<p>\u201eNordic WindFree\u2122 Geo\u201c orinis \u0161ilumos siurblys padeda pasiekti maloniai \u0161ilt\u0105 temperat\u016br\u0105 j\u016bs\u0173 namuose, net esant labai \u0161altai aplinkos temperat\u016brai. Siekiant u\u017etikrinti optimal\u0173 na\u0161um\u0105 esant \u017eemai aplinkos temperat\u016brai, lauko \u012frenginyje visuomet yra bazinis \u0161ildytuvas.<\/p>\n<h2>\u00a0\u201eTri-Care Filter\u201c<\/h2>\n<p>\u201eTri-Care Filter\u201c1 i\u0161valo or\u0105 ir i\u0161laiko \u0161ilumokai\u010dio na\u0161um\u0105. Trys jo sluoksniai apima didelio tankio fi ltr\u0105, kuris i\u0161traukia tam tikras dideles buitini\u0173 dulki\u0173 daleles, pluo\u0161tus ir gyv\u016bn\u0173 plaukus. Jis taip pat turi filtr\u0105 su \u201eZeolite\u201c danga, kuri gali pad\u0117ti sulaikyti smulkias dulkes, ir suma\u017eina tam tikr\u0173 tip\u0173 bakterij\u0173 ir alergen\u0173 ore skai\u010di\u0173.<\/p>\n<h2><strong>Judesi\u0173 aptikimo jutiklis<\/strong><\/h2>\n<p>Judesi\u0173 aptikimo jutiklis (MDS) efektyviai v\u0117sina ar \u0161ildo namus reguliuodamas oro kondicionieriaus veikim\u0105, kai n\u0117ra \u017emoni\u0173. Jeigu 20 minu\u010di\u0173\u00b9 neaptinkama jokio judesio, jis automati\u0161kai persijungia \u012f \u201eWindFree\u2122\u201c energijos taupymo re\u017eim\u0105, po 40 minu\u010di\u0173 \u012frenginys padidina \u201eWindFree\u2122\u201c re\u017eimo temperat\u016br\u0105 2 \u00b0C ir po 40 minu\u010di\u0173 persijungia \u012f bud\u0117jimo (\u0161velnaus i\u0161jungimo) re\u017eim\u0105. Aktyvumui atsinaujinus, \u012fsijungia normalus re\u017eimas. MDS taip pat leid\u017eia pritaikyti oro srauto krypt\u012f, nes galima pasirinkti norim\u0105 komforto lyg\u012f.<\/p>\n<h2>\u201eAI Auto Comfort\u201c<\/h2>\n<p>\u201eAI Auto Comfort\u201c (dirbtinio intelekto) funkcija suteikia galimyb\u0119 gyventi i\u0161man\u0173 gyvenim\u0105. Tam, kad gyvenimas b\u016bt\u0173 paprastesnis ir efektyvesnis, ji analizuoja kambario s\u0105lygas ir naudojimo modelius. Atsi\u017evelgdama \u012f j\u016bs\u0173 pageidavimus ir lauko temperat\u016br\u0105, ji automati\u0161kai koreguoja temperat\u016br\u0105, kad optimizuot\u0173 kambario klimato s\u0105lygas ir u\u017etikrint\u0173 visi\u0161k\u0105 komfort\u0105.<\/p>\n<h2><strong>Didel\u0117 galia kompakti\u0161koje konstrukcijoje<\/strong><\/h2>\n<p>Sieniniai Samsung oro kondicionieriai turi patobulint\u0105 konstrukcij\u0105, kuri leid\u017eia pagerinti \u012frenginio na\u0161um\u0105 d\u0117ka 15% didesnio ventiliatoriaus, 18% platesn\u0117s oro \u012fleidimo angos bei 31 platesni\u0173 menteli\u0173. Patalpos bus atv\u0117sintos dar grei\u010diau, o v\u0117sus oras bus nupu\u010diamas \u012f tolimiausius patalpos kampus net 15 metr\u0173 atstumu.<\/p>\n<h2>I\u0161manus valdymas<\/h2>\n<p>Kontroliuokite temperat\u016br\u0105 bet kuriame kambaryje, bet kuriuo metu, b\u016bdami bet kur. Temperat\u016bras galima valdyti nuotoliniu b\u016bdu naudojant SmartThings program\u0117l\u0119. Vienu lietimu galite \u012fjungti ar i\u0161jungti, pasirinkti v\u0117sinimo re\u017eim\u0105, suplanuoti darb\u0105, sugrupuoti \u012frenginius ir steb\u0117ti energijos sunaudojim\u0105. Naudojant WiFi s\u0105saj\u0105, i\u0161maniuoju telefonu galima valdyti \u012fvairius sistemos aspektus. Geografini\u0173 zon\u0173 steb\u0117jimo funkcija leid\u017eia automati\u0161kai nustatyti kambario temperat\u016br\u0105 norimu lygiu, kai naudotojas priart\u0117ja prie pastato i\u0161 anksto numatytu atstumu.<\/p>\n<h2>Paprastas filtr\u0173 valymas<\/h2>\n<p>Prie\u0161ingai nei standartiniuose \u012frenginiuose, Samsung vidaus blok\u0173 filtrai \u012fmontuoti lengvai prieinamoje vietoje. Galima nesud\u0117tingai, neatidarin\u0117jant visos panel\u0117s i\u0161imti ir i\u0161valyti filtrus. D\u0117ka tankaus tinklelio, \u0161ilumokaitis i\u0161lieka \u0161varesnis ir efektyviai veikiantis. Speciali filtr\u0173 danga apsaugo vartotojus nuo \u012fvairi\u0173 oro ter\u0161al\u0173.<\/p>\n<section class=\"elementor-section elementor-top-section elementor-element elementor-element-ca48782 elementor-section-boxed elementor-section-height-default elementor-section-height-default wd-section-disabled\" data-id=\"ca48782\" data-element_type=\"section\">\n<div class=\"elementor-container elementor-column-gap-default\">\n<div class=\"elementor-column elementor-col-100 elementor-top-column elementor-element elementor-element-0c48bdc\" data-id=\"0c48bdc\" data-element_type=\"column\">\n<div class=\"elementor-widget-wrap elementor-element-populated\">\n<div class=\"elementor-element elementor-element-fc17bc7 elementor-widget elementor-widget-wd_text_block\" data-id=\"fc17bc7\" data-element_type=\"widget\" data-widget_type=\"wd_text_block.default\">\n<div class=\"elementor-widget-container\">\n<div class=\"wd-text-block reset-last-child text-left\">\n<h2>Technin\u0117 specifikacija<\/h2>\n<\/div>\n<\/div>\n<\/div>\n<\/div>\n<\/div>\n<\/div>\n<\/section>\n<section class=\"elementor-section elementor-top-section elementor-element elementor-element-659d8bb0 elementor-section-boxed elementor-section-height-default elementor-section-height-default wd-section-disabled\" data-id=\"659d8bb0\" data-element_type=\"section\">\n<table width=\"632\">\n<tbody>\n<tr>\n<td colspan=\"4\" width=\"514\">Lauko \u012frenginys<\/td>\n<td width=\"118\">AR09TXCACWKXEE<\/td>\n<\/tr>\n<tr>\n<td colspan=\"4\">Vidaus \u012frenginys<\/td>\n<td>AR09TXCACWKNEE<\/td>\n<\/tr>\n<tr>\n<td rowspan=\"6\" width=\"89\">Sistemos parametrai<\/td>\n<td colspan=\"2\">\u0160aldymo galia<\/td>\n<td>kW<\/td>\n<td>2.5<\/td>\n<\/tr>\n<tr>\n<td colspan=\"2\">\u0160ildymo galia<\/td>\n<td>kW<\/td>\n<td>3.2<\/td>\n<\/tr>\n<tr>\n<td>EER<\/td>\n<td><\/td>\n<td>W\/W<\/td>\n<td>4.63<\/td>\n<\/tr>\n<tr>\n<td>SEER<\/td>\n<td><\/td>\n<td>W\/W<\/td>\n<td>\n<table>\n<tbody>\n<tr>\n<td width=\"118\">8.8 A+++<\/td>\n<\/tr>\n<\/tbody>\n<\/table>\n<\/td>\n<\/tr>\n<tr>\n<td>COP<\/td>\n<td><\/td>\n<td>W\/W<\/td>\n<td>4.74<\/td>\n<\/tr>\n<tr>\n<td>SCOP<\/td>\n<td><\/td>\n<td>W\/W<\/td>\n<td>\n<table>\n<tbody>\n<tr>\n<td width=\"118\">5.1 A+++<\/td>\n<\/tr>\n<\/tbody>\n<\/table>\n<\/td>\n<\/tr>\n<tr>\n<td rowspan=\"17\" width=\"89\">Lauko \u012frenginys<\/td>\n<td rowspan=\"2\">Darbin\u0117s termperat\u016bros<\/td>\n<td>V\u0117sinimas<\/td>\n<td>\u00b0C<\/td>\n<td>-15-46<\/td>\n<\/tr>\n<tr>\n<td>\u0160ildymas<\/td>\n<td>\u00b0C<\/td>\n<td>-30-24<\/td>\n<\/tr>\n<tr>\n<td colspan=\"2\">Matmenys (plotis x auk\u0161tis x gylis)<\/td>\n<td>mm<\/td>\n<td>790 x 548 x 285<\/td>\n<\/tr>\n<tr>\n<td colspan=\"2\">Svoris<\/td>\n<td>kg<\/td>\n<td>33<\/td>\n<\/tr>\n<tr>\n<td>Vamzd\u017ei\u0173 jungtys<\/td>\n<td>Skystis + dujos<\/td>\n<td>coliai<\/td>\n<td>1\/4\u201d + 3\/8\u201d<\/td>\n<\/tr>\n<tr>\n<td>Vamzdyn\u0173 ilgiai<\/td>\n<td>min\/max<\/td>\n<td>m<\/td>\n<td>3\/15<\/td>\n<\/tr>\n<tr>\n<td>Auk\u0161\u010di\u0173 skirtumas<\/td>\n<td>max<\/td>\n<td>m<\/td>\n<td>8<\/td>\n<\/tr>\n<tr>\n<td colspan=\"3\">Freonas<\/td>\n<td>R32<\/td>\n<\/tr>\n<tr>\n<td rowspan=\"2\">Freono kiekis<\/td>\n<td>U\u017epildytas<\/td>\n<td>kg<\/td>\n<td>0.92<\/td>\n<\/tr>\n<tr>\n<td>Papildomas<\/td>\n<td>gr\/m<\/td>\n<td>15<\/td>\n<\/tr>\n<tr>\n<td>Garso sl\u0117gis<\/td>\n<td><\/td>\n<td>dB(A)<\/td>\n<td>45<\/td>\n<\/tr>\n<tr>\n<td rowspan=\"2\">Elektrin\u0117 galia<\/td>\n<td>\u0160aldymas<\/td>\n<td>W<\/td>\n<td>540<\/td>\n<\/tr>\n<tr>\n<td>\u0160ildymas<\/td>\n<td>W<\/td>\n<td>675<\/td>\n<\/tr>\n<tr>\n<td colspan=\"2\">Elektros maitinimas<\/td>\n<td>\u0278, V, Hz<\/td>\n<td>1\u0278, 220-240V, 50Hz<\/td>\n<\/tr>\n<tr>\n<td colspan=\"2\">Rekomenduojamas maitinimo kabelis<\/td>\n<td>mm\u00b2<\/td>\n<td>3 x 2.5<\/td>\n<\/tr>\n<tr>\n<td colspan=\"2\">Rekomenduojamas automatinis jungiklis<\/td>\n<td>A<\/td>\n<td>C16<\/td>\n<\/tr>\n<tr>\n<td>Dugno pa\u0161ildymo tenas<\/td>\n<td><\/td>\n<td><\/td>\n<td>Integruotas<\/td>\n<\/tr>\n<tr>\n<td rowspan=\"7\" width=\"89\">Vidaus \u012frenginys<\/td>\n<td colspan=\"2\">Oro srautas<\/td>\n<td>m\u00b3\/h<\/td>\n<td>786<\/td>\n<\/tr>\n<tr>\n<td>Garso sl\u0117gis (auk\u0161tas\/ \u017eemas)<\/td>\n<td><\/td>\n<td>dB(A)<\/td>\n<td>38\/17<\/td>\n<\/tr>\n<tr>\n<td colspan=\"2\">Matmenys (plotis x auk\u0161tis x gylis)<\/td>\n<td>mm<\/td>\n<td>889 x 299 x 215<\/td>\n<\/tr>\n<tr>\n<td colspan=\"2\">Svoris<\/td>\n<td>kg<\/td>\n<td>10.4<\/td>\n<\/tr>\n<tr>\n<td colspan=\"2\">Elektros maitinimas (vidinis bl.)<\/td>\n<td>\u0278, V, Hz<\/td>\n<td>1\u0278, 220-240V, 50Hz<\/td>\n<\/tr>\n<tr>\n<td colspan=\"2\">Rekomenduojamas maitinimo kabelis (Laukas-vidus)<\/td>\n<td>mm\u00b2<\/td>\n<td>3 x 1.0<\/td>\n<\/tr>\n<tr>\n<td colspan=\"2\">Komunikacinis kabelis (Laukas-vidus)<\/td>\n<td>mm\u00b2<\/td>\n<td>2 x 0.75<\/td>\n<\/tr>\n<\/tbody>\n<\/table>\n<\/section>\n","protected":false},"excerpt":{"rendered":"<h2>\u201eNordic WindFree\u2122 Geo\u201c<\/h2>\n<p>Su \u201eNordic WindFree\u2122 Geo\u201c ne tik m\u0117gausit\u0117s optimaliu v\u0117sinimu be \u0161alt\u0173 skersv\u0117j\u0173 vasar\u0105, bet ir \u0161iltu bei komforti\u0161ku klimatu patalpoje \u017eiem\u0105, naudodami \u0161ildymo funkcij\u0105. Naudojant i\u0161maniuosius valdiklius, prisitaikan\u010dius prie j\u016bs\u0173 asmenini\u0173 poreiki\u0173, namuose sudaromas komforti\u0161kas klimatas ir automati\u0161kai nustatomos optimalios s\u0105lygos.<\/p>\n<h2><strong>\u0160ildymas iki \u201330 \u00b0C<\/strong><\/h2>\n<p>\u201eNordic WindFree\u2122 Geo\u201c orinis \u0161ilumos siurblys padeda pasiekti maloniai \u0161ilt\u0105 temperat\u016br\u0105 j\u016bs\u0173 namuose, net esant labai \u0161altai aplinkos temperat\u016brai. Siekiant u\u017etikrinti optimal\u0173 na\u0161um\u0105 esant \u017eemai aplinkos temperat\u016brai, lauko \u012frenginyje visuomet yra bazinis \u0161ildytuvas.<\/p>\n<h2>\u00a0\u201eTri-Care Filter\u201c<\/h2>\n<p>\u201eTri-Care Filter\u201c1 i\u0161valo or\u0105 ir i\u0161laiko \u0161ilumokai\u010dio na\u0161um\u0105. Trys jo sluoksniai apima didelio tankio fi ltr\u0105, kuris i\u0161traukia tam tikras dideles buitini\u0173 dulki\u0173 daleles, pluo\u0161tus ir gyv\u016bn\u0173 plaukus. Jis taip pat turi filtr\u0105 su \u201eZeolite\u201c danga, kuri gali pad\u0117ti sulaikyti smulkias dulkes, ir suma\u017eina tam tikr\u0173 tip\u0173 bakterij\u0173 ir alergen\u0173 ore skai\u010di\u0173.<\/p>\n<h2><strong>Judesi\u0173 aptikimo jutiklis<\/strong><\/h2>\n<p>Judesi\u0173 aptikimo jutiklis (MDS) efektyviai v\u0117sina ar \u0161ildo namus reguliuodamas oro kondicionieriaus veikim\u0105, kai n\u0117ra \u017emoni\u0173. Jeigu 20 minu\u010di\u0173\u00b9 neaptinkama jokio judesio, jis automati\u0161kai persijungia \u012f \u201eWindFree\u2122\u201c energijos taupymo re\u017eim\u0105, po 40 minu\u010di\u0173 \u012frenginys padidina \u201eWindFree\u2122\u201c re\u017eimo temperat\u016br\u0105 2 \u00b0C ir po 40 minu\u010di\u0173 persijungia \u012f bud\u0117jimo (\u0161velnaus i\u0161jungimo) re\u017eim\u0105. Aktyvumui atsinaujinus, \u012fsijungia normalus re\u017eimas. MDS taip pat leid\u017eia pritaikyti oro srauto krypt\u012f, nes galima pasirinkti norim\u0105 komforto lyg\u012f.<\/p>\n<h2>\u201eAI Auto Comfort\u201c<\/h2>\n<p>\u201eAI Auto Comfort\u201c (dirbtinio intelekto) funkcija suteikia galimyb\u0119 gyventi i\u0161man\u0173 gyvenim\u0105. Tam, kad gyvenimas b\u016bt\u0173 paprastesnis ir efektyvesnis, ji analizuoja kambario s\u0105lygas ir naudojimo modelius. Atsi\u017evelgdama \u012f j\u016bs\u0173 pageidavimus ir lauko temperat\u016br\u0105, ji automati\u0161kai koreguoja temperat\u016br\u0105, kad optimizuot\u0173 kambario klimato s\u0105lygas ir u\u017etikrint\u0173 visi\u0161k\u0105 komfort\u0105.<\/p>\n<h2><strong>Didel\u0117 galia kompakti\u0161koje konstrukcijoje<\/strong><\/h2>\n<p>Sieniniai Samsung oro kondicionieriai turi patobulint\u0105 konstrukcij\u0105, kuri leid\u017eia pagerinti \u012frenginio na\u0161um\u0105 d\u0117ka 15% didesnio ventiliatoriaus, 18% platesn\u0117s oro \u012fleidimo angos bei 31 platesni\u0173 menteli\u0173. Patalpos bus atv\u0117sintos dar grei\u010diau, o v\u0117sus oras bus nupu\u010diamas \u012f tolimiausius patalpos kampus net 15 metr\u0173 atstumu.<\/p>\n<h2>I\u0161manus valdymas<\/h2>\n<p>Kontroliuokite temperat\u016br\u0105 bet kuriame kambaryje, bet kuriuo metu, b\u016bdami bet kur. Temperat\u016bras galima valdyti nuotoliniu b\u016bdu naudojant SmartThings program\u0117l\u0119. Vienu lietimu galite \u012fjungti ar i\u0161jungti, pasirinkti v\u0117sinimo re\u017eim\u0105, suplanuoti darb\u0105, sugrupuoti \u012frenginius ir steb\u0117ti energijos sunaudojim\u0105. Naudojant WiFi s\u0105saj\u0105, i\u0161maniuoju telefonu galima valdyti \u012fvairius sistemos aspektus. Geografini\u0173 zon\u0173 steb\u0117jimo funkcija leid\u017eia automati\u0161kai nustatyti kambario temperat\u016br\u0105 norimu lygiu, kai naudotojas priart\u0117ja prie pastato i\u0161 anksto numatytu atstumu.<\/p>\n<h2>Paprastas filtr\u0173 valymas<\/h2>\n<p>Prie\u0161ingai nei standartiniuose \u012frenginiuose, Samsung vidaus blok\u0173 filtrai \u012fmontuoti lengvai prieinamoje vietoje. Galima nesud\u0117tingai, neatidarin\u0117jant visos panel\u0117s i\u0161imti ir i\u0161valyti filtrus. D\u0117ka tankaus tinklelio, \u0161ilumokaitis i\u0161lieka \u0161varesnis ir efektyviai veikiantis. Speciali filtr\u0173 danga apsaugo vartotojus nuo \u012fvairi\u0173 oro ter\u0161al\u0173.<\/p>\n<section class=\"elementor-section elementor-top-section elementor-element elementor-element-ca48782 elementor-section-boxed elementor-section-height-default elementor-section-height-default wd-section-disabled\" data-id=\"ca48782\" data-element_type=\"section\">\n<div class=\"elementor-container elementor-column-gap-default\">\n<div class=\"elementor-column elementor-col-100 elementor-top-column elementor-element elementor-element-0c48bdc\" data-id=\"0c48bdc\" data-element_type=\"column\">\n<div class=\"elementor-widget-wrap elementor-element-populated\">\n<div class=\"elementor-element elementor-element-fc17bc7 elementor-widget elementor-widget-wd_text_block\" data-id=\"fc17bc7\" data-element_type=\"widget\" data-widget_type=\"wd_text_block.default\">\n<div class=\"elementor-widget-container\">\n<div class=\"wd-text-block reset-last-child text-left\">\n<h2>Technin\u0117 specifikacija<\/h2>\n<\/div>\n<\/div>\n<\/div>\n<\/div>\n<\/div>\n<\/div>\n<\/section>\n<table width=\"636\">\n<tbody>\n<tr>\n<td colspan=\"4\" width=\"514\">Lauko \u012frenginys<\/td>\n<td width=\"122\">AR12TXCACWKXEE<\/td>\n<\/tr>\n<tr>\n<td colspan=\"4\">Vidaus \u012frenginys<\/td>\n<td>AR12TXCACWKNEE<\/td>\n<\/tr>\n<tr>\n<td rowspan=\"6\" width=\"89\">Sistemos parametrai<\/td>\n<td colspan=\"2\">\u0160aldymo galia<\/td>\n<td>kW<\/td>\n<td>3.5<\/td>\n<\/tr>\n<tr>\n<td colspan=\"2\">\u0160ildymo galia<\/td>\n<td>kW<\/td>\n<td>4.0<\/td>\n<\/tr>\n<tr>\n<td>EER<\/td>\n<td><\/td>\n<td>W\/W<\/td>\n<td>3.95<\/td>\n<\/tr>\n<tr>\n<td>SEER<\/td>\n<td><\/td>\n<td>W\/W<\/td>\n<td>\n<table>\n<tbody>\n<tr>\n<td width=\"122\">8.5<\/td>\n<\/tr>\n<\/tbody>\n<\/table>\n<\/td>\n<\/tr>\n<tr>\n<td>COP<\/td>\n<td><\/td>\n<td>W\/W<\/td>\n<td>4.26<\/td>\n<\/tr>\n<tr>\n<td>SCOP<\/td>\n<td><\/td>\n<td>W\/W<\/td>\n<td>\n<table>\n<tbody>\n<tr>\n<td width=\"122\">5.1<\/td>\n<\/tr>\n<\/tbody>\n<\/table>\n<\/td>\n<\/tr>\n<tr>\n<td rowspan=\"17\" width=\"89\">Lauko \u012frenginys<\/td>\n<td rowspan=\"2\">Darbin\u0117s termperat\u016bros<\/td>\n<td>V\u0117sinimas<\/td>\n<td>\u00b0C<\/td>\n<td>-15-46<\/td>\n<\/tr>\n<tr>\n<td>\u0160ildymas<\/td>\n<td>\u00b0C<\/td>\n<td>-30-24<\/td>\n<\/tr>\n<tr>\n<td colspan=\"2\">Matmenys (plotis x auk\u0161tis x gylis)<\/td>\n<td>mm<\/td>\n<td>790 x 548 x 285<\/td>\n<\/tr>\n<tr>\n<td colspan=\"2\">Svoris<\/td>\n<td>kg<\/td>\n<td>33<\/td>\n<\/tr>\n<tr>\n<td>Vamzd\u017ei\u0173 jungtys<\/td>\n<td>Skystis + dujos<\/td>\n<td>coliai<\/td>\n<td>1\/4\u201d + 3\/8\u201d<\/td>\n<\/tr>\n<tr>\n<td>Vamzdyn\u0173 ilgiai<\/td>\n<td>min\/max<\/td>\n<td>m<\/td>\n<td>3\/15<\/td>\n<\/tr>\n<tr>\n<td>Auk\u0161\u010di\u0173 skirtumas<\/td>\n<td>max<\/td>\n<td>m<\/td>\n<td>8<\/td>\n<\/tr>\n<tr>\n<td colspan=\"3\">Freonas<\/td>\n<td>R32<\/td>\n<\/tr>\n<tr>\n<td rowspan=\"2\">Freono kiekis<\/td>\n<td>U\u017epildytas<\/td>\n<td>kg<\/td>\n<td>0.92<\/td>\n<\/tr>\n<tr>\n<td>Papildomas<\/td>\n<td>gr\/m<\/td>\n<td>15<\/td>\n<\/tr>\n<tr>\n<td>Garso sl\u0117gis<\/td>\n<td><\/td>\n<td>dB(A)<\/td>\n<td>46<\/td>\n<\/tr>\n<tr>\n<td rowspan=\"2\">Elektrin\u0117 galia<\/td>\n<td>\u0160aldymas<\/td>\n<td>W<\/td>\n<td>885<\/td>\n<\/tr>\n<tr>\n<td>\u0160ildymas<\/td>\n<td>W<\/td>\n<td>940<\/td>\n<\/tr>\n<tr>\n<td colspan=\"2\">Elektros maitinimas<\/td>\n<td>\u0278, V, Hz<\/td>\n<td>1\u0278, 220-240V, 50Hz<\/td>\n<\/tr>\n<tr>\n<td colspan=\"2\">Rekomenduojamas maitinimo kabelis<\/td>\n<td>mm\u00b2<\/td>\n<td>3 x 2.5<\/td>\n<\/tr>\n<tr>\n<td colspan=\"2\">Rekomenduojamas automatinis jungiklis<\/td>\n<td>A<\/td>\n<td>C16<\/td>\n<\/tr>\n<tr>\n<td>Dugno pa\u0161ildymo tenas<\/td>\n<td><\/td>\n<td><\/td>\n<td>Integruotas<\/td>\n<\/tr>\n<tr>\n<td rowspan=\"7\" width=\"89\">Vidaus \u012frenginys<\/td>\n<td colspan=\"2\">Oro srautas<\/td>\n<td>m\u00b3\/h<\/td>\n<td>786<\/td>\n<\/tr>\n<tr>\n<td>Garso sl\u0117gis (auk\u0161tas\/ \u017eemas)<\/td>\n<td><\/td>\n<td>dB(A)<\/td>\n<td>40\/17<\/td>\n<\/tr>\n<tr>\n<td colspan=\"2\">Matmenys (plotis x auk\u0161tis x gylis)<\/td>\n<td>mm<\/td>\n<td>889 x 299 x 215<\/td>\n<\/tr>\n<tr>\n<td colspan=\"2\">Svoris<\/td>\n<td>kg<\/td>\n<td>10.4<\/td>\n<\/tr>\n<tr>\n<td colspan=\"2\">Elektros maitinimas (vidinis bl.)<\/td>\n<td>\u0278, V, Hz<\/td>\n<td>1\u0278, 220-240V, 50Hz<\/td>\n<\/tr>\n<tr>\n<td colspan=\"2\">Rekomenduojamas maitinimo kabelis (Laukas-vidus)<\/td>\n<td>mm\u00b2<\/td>\n<td>3 x 1.0<\/td>\n<\/tr>\n<tr>\n<td colspan=\"2\">Komunikacinis kabelis (Laukas-vidus)<\/td>\n<td>mm\u00b2<\/td>\n<td>2 x 0.75<\/td>\n<\/tr>\n<\/tbody>\n<\/table>\n","protected":false},"featured_media":27863,"template":"","meta":[],"product_brand":[89],"product_cat":[86],"product_tag":[],"class_list":{"0":"post-27865","1":"product","2":"type-product","3":"status-publish","4":"has-post-thumbnail","6":"product_brand-samsung","7":"product_cat-silumos-siurbliai-oras-oras","9":"first","10":"instock","11":"taxable","12":"shipping-taxable","13":"product-type-simple"},"_links":{"self":[{"href":"https:\/\/waterma.lt\/index.php\/wp-json\/wp\/v2\/product\/27865","targetHints":{"allow":["GET"]}}],"collection":[{"href":"https:\/\/waterma.lt\/index.php\/wp-json\/wp\/v2\/product"}],"about":[{"href":"https:\/\/waterma.lt\/index.php\/wp-json\/wp\/v2\/types\/product"}],"version-history":[{"count":1,"href":"https:\/\/waterma.lt\/index.php\/wp-json\/wp\/v2\/product\/27865\/revisions"}],"predecessor-version":[{"id":27866,"href":"https:\/\/waterma.lt\/index.php\/wp-json\/wp\/v2\/product\/27865\/revisions\/27866"}],"wp:featuredmedia":[{"embeddable":true,"href":"https:\/\/waterma.lt\/index.php\/wp-json\/wp\/v2\/media\/27863"}],"wp:attachment":[{"href":"https:\/\/waterma.lt\/index.php\/wp-json\/wp\/v2\/media?parent=27865"}],"wp:term":[{"taxonomy":"product_brand","embeddable":true,"href":"https:\/\/waterma.lt\/index.php\/wp-json\/wp\/v2\/product_brand?post=27865"},{"taxonomy":"product_cat","embeddable":true,"href":"https:\/\/waterma.lt\/index.php\/wp-json\/wp\/v2\/product_cat?post=27865"},{"taxonomy":"product_tag","embeddable":true,"href":"https:\/\/waterma.lt\/index.php\/wp-json\/wp\/v2\/product_tag?post=27865"}],"curies":[{"name":"wp","href":"https:\/\/api.w.org\/{rel}","templated":true}]}}