{"id":27930,"date":"2025-08-29T16:30:13","date_gmt":"2025-08-29T16:30:13","guid":{"rendered":"https:\/\/waterma.lt\/?post_type=product&#038;p=27930"},"modified":"2025-08-29T16:33:24","modified_gmt":"2025-08-29T16:33:24","slug":"samsung-ehs-split-125-kw-silumos-siurblys-su-integruota-200l-talpa-ae125dxedgg-eu-ae200dnwspg-eu","status":"publish","type":"product","link":"https:\/\/waterma.lt\/index.php\/produktas\/samsung-ehs-split-125-kw-silumos-siurblys-su-integruota-200l-talpa-ae125dxedgg-eu-ae200dnwspg-eu\/","title":{"rendered":"Samsung EHS Split 12,5 kW \u0161ilumos siurblys su integruota 200L talpa AE125DXEDGG\/EU, AE200DNWSPG\/EU"},"content":{"rendered":"<h2><strong>Naujoji EHS ClimateHub vidin\u0117 dalis<\/strong><\/h2>\n<ul>\n<li>Naujoji EHS integruota talpa yra su universaliu pajungimu, tinka tiek prie vienfazio, tiek prie trifazio tinklo. Integruotas elektrinis \u0161ildytuvas gali veikti 2kW, 4kW (vienfaziams) ir iki 6kW (trifaziams) galingumo.<\/li>\n<li>Vidinis \u012frenginys dar efektyvesnis, dar lemgviau valdomas. Patobulinta atitirpinimo logika, kuri leid\u017eia i\u0161vengti papildomos talpos atitirpinimui.<\/li>\n<li><strong>\u012emontuotas magnetinis filtras\u00a0<\/strong>standartin\u0117je \u012frenginio komplektacijoje.<\/li>\n<li><strong>Nauja, efektyvesn\u0117 kar\u0161to vandens ruo\u0161imo talpa.<\/strong>\u00a0Naujos ClimateHub integruotos talpos efektyvumas padid\u0117jo nuo\u00a0<strong>115%<\/strong>\u00a0iki\u00a0<strong>148%<\/strong>. Bendras \u0161ilumos plotas padidintas\u00a0<strong>23%<\/strong>. Trigubo sluoksnio izoliacija (EPS, vakuuminis izoliacinis sluoksnis, EPP) suma\u017eina \u0161ilumos nuostolius iki 56%, lyginant su ankstesniu modeliu.<\/li>\n<li><strong>Atnaujintas valdymo pultelis.<\/strong>\u00a0Naujas 7 coli\u0173 ekranas. Intuityvus, dar paprastesnis valdymas. Integruotas \u201eAI Home\u201d naudoja dirbtinio intelekto algoritm\u0105 \u0161ildymui ir kar\u0161to vandens ruo\u0161imui, kuris padeda taupyti energij\u0105, pagal vartotojo naudojimo \u012fpatumus.<\/li>\n<li>Pagrindini\u0173 komponent\u0173 vamzdynai sujungti greitosiomis jungtimis, tod\u0117l gali b\u016bti lengvai ir greitai pakei\u010diami.<\/li>\n<\/ul>\n<p>&nbsp;<\/p>\n<p><img fetchpriority=\"high\" decoding=\"async\" class=\"wp-image-34701 aligncenter entered litespeed-loaded\" src=\"https:\/\/kondikas.lt\/wp-content\/uploads\/2025\/04\/EHS_HydroUnit_00-Highlights_01-366x300.jpg\" sizes=\"(max-width: 403px) 100vw, 403px\" srcset=\"https:\/\/kondikas.lt\/wp-content\/uploads\/2025\/04\/EHS_HydroUnit_00-Highlights_01-366x300.jpg 366w, https:\/\/kondikas.lt\/wp-content\/uploads\/2025\/04\/EHS_HydroUnit_00-Highlights_01-430x352.jpg 430w, https:\/\/kondikas.lt\/wp-content\/uploads\/2025\/04\/EHS_HydroUnit_00-Highlights_01-150x123.jpg 150w, https:\/\/kondikas.lt\/wp-content\/uploads\/2025\/04\/EHS_HydroUnit_00-Highlights_01.jpg 464w\" alt=\"\" width=\"403\" height=\"330\" data-lazyloaded=\"1\" data-src=\"https:\/\/kondikas.lt\/wp-content\/uploads\/2025\/04\/EHS_HydroUnit_00-Highlights_01-366x300.jpg\" data-srcset=\"https:\/\/kondikas.lt\/wp-content\/uploads\/2025\/04\/EHS_HydroUnit_00-Highlights_01-366x300.jpg 366w, https:\/\/kondikas.lt\/wp-content\/uploads\/2025\/04\/EHS_HydroUnit_00-Highlights_01-430x352.jpg 430w, https:\/\/kondikas.lt\/wp-content\/uploads\/2025\/04\/EHS_HydroUnit_00-Highlights_01-150x123.jpg 150w, https:\/\/kondikas.lt\/wp-content\/uploads\/2025\/04\/EHS_HydroUnit_00-Highlights_01.jpg 464w\" data-sizes=\"(max-width: 403px) 100vw, 403px\" data-ll-status=\"loaded\" \/><\/p>\n<h2>Atnaujintas EHS Split \u0161ilumos siurblys<\/h2>\n<p>Atraskite atnaujintus \u201eSamsung EHS Split R32 \u012frenginius, kurie i\u0161laiko didel\u012f galingum\u0105 ir na\u0161um\u0105 visais met\u0173 laikais ir gali b\u016bti integruoti tiek \u012f priva\u010dius namus, tiek \u012f nedidelius komercinius objektus.<\/p>\n<p>Naujuosius EHS Split R32 \u012frenginius galima komplektuoti su atnaujintais Hydro moduliais ir jungti prie tre\u010dios \u0161alies kar\u0161to vandens ruo\u0161imo talpos arba jungti prie naujo ClimateHub vidinio \u012frenginio. Esant -5 \u00b0C lauko temperat\u016brai, didelio galingumo modeliai (12,5 kW ir 16 kW) vis dar tiekia buitin\u012f kar\u0161t\u0105 vanden\u012f iki 65\u00b0C \u2013 de\u0161im\u010dia laipsni\u0173 auk\u0161tesn\u0119 nei ankstesni \u012frenginiai su R410A \u0161altne\u0161iu. Net esant -25 \u00b0C lauko temperat\u016brai, \u0161ie \u012frenginiai gali gaminti buitin\u012f kar\u0161t\u0105 vanden\u012f iki 40 \u00b0C be papildomo atsarginio \u0161ildytuvo pagalbos.<\/p>\n<h2>Kompakti\u0161kas dizainas<\/h2>\n<p>I\u0161orinis \u012frenginys yra kompakti\u0161kesnis \u2013 buvo perprojektuotas ir turi vien\u0105 ventiliatori\u0173 vietoje dviej\u0173. Tai suma\u017eina jo auk\u0161t\u012f 40% lyginant su ankstesniu modeliu.<\/p>\n<p><img decoding=\"async\" class=\"size-medium wp-image-34700 aligncenter entered litespeed-loaded\" src=\"https:\/\/kondikas.lt\/wp-content\/uploads\/2025\/04\/Screenshot-2025-04-07-203421-400x259.jpg\" sizes=\"(max-width: 400px) 100vw, 400px\" srcset=\"https:\/\/kondikas.lt\/wp-content\/uploads\/2025\/04\/Screenshot-2025-04-07-203421-400x259.jpg 400w, https:\/\/kondikas.lt\/wp-content\/uploads\/2025\/04\/Screenshot-2025-04-07-203421-430x278.jpg 430w, https:\/\/kondikas.lt\/wp-content\/uploads\/2025\/04\/Screenshot-2025-04-07-203421-150x97.jpg 150w, https:\/\/kondikas.lt\/wp-content\/uploads\/2025\/04\/Screenshot-2025-04-07-203421.jpg 485w\" alt=\"\" width=\"400\" height=\"259\" data-lazyloaded=\"1\" data-src=\"https:\/\/kondikas.lt\/wp-content\/uploads\/2025\/04\/Screenshot-2025-04-07-203421-400x259.jpg\" data-srcset=\"https:\/\/kondikas.lt\/wp-content\/uploads\/2025\/04\/Screenshot-2025-04-07-203421-400x259.jpg 400w, https:\/\/kondikas.lt\/wp-content\/uploads\/2025\/04\/Screenshot-2025-04-07-203421-430x278.jpg 430w, https:\/\/kondikas.lt\/wp-content\/uploads\/2025\/04\/Screenshot-2025-04-07-203421-150x97.jpg 150w, https:\/\/kondikas.lt\/wp-content\/uploads\/2025\/04\/Screenshot-2025-04-07-203421.jpg 485w\" data-sizes=\"(max-width: 400px) 100vw, 400px\" data-ll-status=\"loaded\" \/><\/p>\n<h2>Patikimas \u0161ildymas visais met\u0173 laikais<\/h2>\n<p>Patobulintas \u201eTwin Rotary\u201c kompresorius buvo perprojektuotas. Jame yra galingas BLDC variklis su auk\u0161tos tankio neodimio magnetu, dvigubas vamzdinis slopintuvas, ma\u017einantis vibracij\u0105, ir stabilus dviej\u0173 cilindr\u0173 dizainas, u\u017etikrinantis patikim\u0105 \u0161ildym\u0105 \u012fvairiose temperat\u016brose.<br data-start=\"298\" data-end=\"301\" \/>Didel\u0117s galios (12,5 kW ir 16 kW) EHS Split R32 modeliai pasiekia auk\u0161tesn\u012f SCOP \u012fvertinim\u0105\u2076, nes dvigubas kompresorius turi du cilindrus, kurie sukasi pakaitomis ir suma\u017eina energijos sunaudojim\u0105.<\/p>\n<h2><strong>Esteti\u0161kas dizainas<\/strong><\/h2>\n<p>Stilizuotas, tamsiai pilkos spalvos \u201eEHS Split R32\u201c papildo dabartines moderni\u0173 pastat\u0173 eksterjero dizaino tendencijas ir suteikia elegancijos daugeliui lauko fasad\u0173, nuo renovuojam\u0173 iki prabangi\u0173 nam\u0173. 850 mm auk\u0161\u010dio lauko \u012frenginys turi naujas pasvirusias juodas groteles, kurios paslepia vidin\u0119 mechanik\u0105.<\/p>\n<h2><strong>\u201eSmartThings Energy\u201c integravimas<\/strong><\/h2>\n<p>\u201eSmartThings Energy\u201c klientams, svajojantiems apie ma\u017eiau energijos vartojan\u010dius namus, suteikia galimyb\u0119 naudotis geriausiomis nam\u0173 energijos valdymo sistemomis, sutaupyti energijos pasitelkiant nauding\u0105 informacij\u0105, automatizuot\u0105 energijos taupym\u0105 ir pagalbos funkcijas. Prijungus \u012frengin\u012f naudotojai gali steb\u0117ti energijos sunaudojim\u0105 ir \u012fjung\u0119 taupymo re\u017eim\u0105 suma\u017einti savo energijos s\u0105naudas.<\/p>\n<h2><strong>Nuotolinis servisas<\/strong><\/h2>\n<p>\u201eEHS Split R32\u201c suderinamas su \u201eEHS Cloud Service\u201c. \u201eEHS Cloud Service\u201c paslauga gali pateikti profesionalams daugyb\u0119 technini\u0173 duomen\u0173 ir \u012f\u017evalg\u0173 apie aptarnaujam\u0105 EHS \u012frengin\u012f. Nuo prane\u0161im\u0173 apie klaidas iki gedim\u0173 tip\u0173, nuo b\u016bsenos patikrinim\u0173 iki informacijos apie energijos suvartojim\u0105. \u201eEHS Cloud Service\u201c padeda profesionalams su\u017einoti, kas vyksta pas klient\u0105, dar prie\u0161 pradedant kelion\u0119.<\/p>\n<h2>Technin\u0117s charakteristikos<\/h2>\n<table width=\"637\">\n<tbody>\n<tr>\n<td colspan=\"4\" width=\"503\">Lauko \u012frenginys<\/td>\n<td width=\"134\">AE125DXEDGG\/EU<\/td>\n<\/tr>\n<tr>\n<td colspan=\"4\">Vidaus \u012frenginys<\/td>\n<td>AE200DNWSPG\/EU<\/td>\n<\/tr>\n<tr>\n<td rowspan=\"9\" width=\"89\">Sistemos parametrai<\/td>\n<td colspan=\"2\">\u0160ildymo galia<\/td>\n<td>kW<\/td>\n<td>12.5<\/td>\n<\/tr>\n<tr>\n<td colspan=\"2\">V\u0117sinimo galia<\/td>\n<td>kW<\/td>\n<td>12.5<\/td>\n<\/tr>\n<tr>\n<td>COP<\/td>\n<td>A7\/W35<\/td>\n<td>W\/W<\/td>\n<td>4.86<\/td>\n<\/tr>\n<tr>\n<td>EER<\/td>\n<td>A35\/W18<\/td>\n<td>W\/W<\/td>\n<td>3.8<\/td>\n<\/tr>\n<tr>\n<td>SCOP<\/td>\n<td>LWT 35\u00b0C<\/td>\n<td>W\/W<\/td>\n<td>4.73<\/td>\n<\/tr>\n<tr>\n<td>Energin\u0117 klas\u0117<\/td>\n<td>LWT 35\u00b0C\/55\u00b0C<\/td>\n<td><\/td>\n<td>A+++\/A++<\/td>\n<\/tr>\n<tr>\n<td>\u0160ildymo galia (EU) No 813\/2013<\/td>\n<td>P-rated<\/td>\n<td>kW<\/td>\n<td>12.5<\/td>\n<\/tr>\n<tr>\n<td>Nominalus vandens srautas<\/td>\n<td><\/td>\n<td>L\/min<\/td>\n<td>36.0<\/td>\n<\/tr>\n<tr>\n<td>Minimalus nuolat prieinamas vandens t\u016bris<\/td>\n<td><\/td>\n<td>L<\/td>\n<td>200<\/td>\n<\/tr>\n<tr>\n<td rowspan=\"19\" width=\"89\">Lauko \u012frenginys<\/td>\n<td rowspan=\"3\">Darbin\u0117s termperat\u016bros<\/td>\n<td>\u0160ildymas<\/td>\n<td>\u00b0C<\/td>\n<td>-25-43<\/td>\n<\/tr>\n<tr>\n<td>V\u0117sinimas<\/td>\n<td>\u00b0C<\/td>\n<td>10-46<\/td>\n<\/tr>\n<tr>\n<td>Buitnis k. vanduo<\/td>\n<td>\u00b0C<\/td>\n<td>-25-43<\/td>\n<\/tr>\n<tr>\n<td rowspan=\"2\">Maks. termofikato temperat\u016bra<\/td>\n<td>\u0160ildymas<\/td>\n<td>\u00b0C<\/td>\n<td>65<\/td>\n<\/tr>\n<tr>\n<td>K. vanduo<\/td>\n<td>\u00b0C<\/td>\n<td>70<\/td>\n<\/tr>\n<tr>\n<td colspan=\"2\">Matmenys (plotis x auk\u0161tis x gylis)<\/td>\n<td>mm<\/td>\n<td>980 x 850 x 500<\/td>\n<\/tr>\n<tr>\n<td colspan=\"2\">Svoris<\/td>\n<td>kg<\/td>\n<td>89<\/td>\n<\/tr>\n<tr>\n<td>Vamzd\u017ei\u0173 jungtys<\/td>\n<td>Skystis + dujos<\/td>\n<td>coliai<\/td>\n<td>3\/8\u201d + 5\/8\u201d<\/td>\n<\/tr>\n<tr>\n<td>Vamzdyn\u0173 ilgiai<\/td>\n<td>min\/max<\/td>\n<td>m<\/td>\n<td>50<\/td>\n<\/tr>\n<tr>\n<td>Auk\u0161\u010di\u0173 perkritis<\/td>\n<td>max<\/td>\n<td>m<\/td>\n<td>15\/30**<\/td>\n<\/tr>\n<tr>\n<td colspan=\"3\">Freonas<\/td>\n<td>R32<\/td>\n<\/tr>\n<tr>\n<td rowspan=\"2\">Freono kiekis<\/td>\n<td>U\u017epildytas<\/td>\n<td>kg<\/td>\n<td>1.84 (15m)<\/td>\n<\/tr>\n<tr>\n<td>Papildomas<\/td>\n<td>gr\/m<\/td>\n<td>\u2013<\/td>\n<\/tr>\n<tr>\n<td>Garso sl\u0117gis<\/td>\n<td>\u0160ildymas (stand.)<\/td>\n<td>dB(A)<\/td>\n<td>48<\/td>\n<\/tr>\n<tr>\n<td colspan=\"2\">Elektros maitinimas<\/td>\n<td>\u0278, V, Hz<\/td>\n<td>3\u0278, 380-415V, 50Hz<\/td>\n<\/tr>\n<tr>\n<td colspan=\"2\">Rekomenduojamas automatinis jungiklis<\/td>\n<td>A<\/td>\n<td>C16<\/td>\n<\/tr>\n<tr>\n<td colspan=\"2\">Rekomenduojamas maitinimo kabelis<\/td>\n<td>mm\u00b2<\/td>\n<td>5 x 2.5<\/td>\n<\/tr>\n<tr>\n<td colspan=\"2\">Komunikacinis ekranuotas kabelis (laukas-vidus)<\/td>\n<td>mm\u00b2<\/td>\n<td>2 x 0.75<\/td>\n<\/tr>\n<tr>\n<td>Dugno pa\u0161ildymo tenas<\/td>\n<td><\/td>\n<td><\/td>\n<td>Integruotas<\/td>\n<\/tr>\n<tr>\n<td rowspan=\"13\" width=\"89\">Vidaus \u012frenginys<\/td>\n<td colspan=\"2\">Vandens talpa<\/td>\n<td>L<\/td>\n<td>200<\/td>\n<\/tr>\n<tr>\n<td rowspan=\"3\">Vamzd\u017ei\u0173 jungtys<\/td>\n<td>Paduod.\/gr\u012f\u017et.<\/td>\n<td>mm<\/td>\n<td>28\/29<\/td>\n<\/tr>\n<tr>\n<td>K.\u0160. vanduo<\/td>\n<td><\/td>\n<td>22\/23<\/td>\n<\/tr>\n<tr>\n<td>Recirkuliacija<\/td>\n<td><\/td>\n<td>22<\/td>\n<\/tr>\n<tr>\n<td colspan=\"2\">Matmenys<\/td>\n<td>mm<\/td>\n<td>598 x 1850 x 600<\/td>\n<\/tr>\n<tr>\n<td colspan=\"2\">Svoris<\/td>\n<td>kg<\/td>\n<td>139<\/td>\n<\/tr>\n<tr>\n<td colspan=\"2\">Integruotas elektrinis tenas<\/td>\n<td>kW<\/td>\n<td>6<\/td>\n<\/tr>\n<tr>\n<td>Elektros maitinimas<\/td>\n<td><\/td>\n<td>\u0278, V, Hz<\/td>\n<td>3\u0278, 380-415V, 50Hz<\/td>\n<\/tr>\n<tr>\n<td colspan=\"2\">Rekomenduojamas automatinis jungiklis<\/td>\n<td>A<\/td>\n<td width=\"134\">C16<\/td>\n<\/tr>\n<tr>\n<td>Rekomenduojamas maitinimo kabelis<\/td>\n<td><\/td>\n<td>mm\u00b2<\/td>\n<td>3 X 2.5<\/td>\n<\/tr>\n<tr>\n<td>El. teno maitinimas***<\/td>\n<td><\/td>\n<td>\u0278, V, Hz<\/td>\n<td>3, 380-415, 50<\/td>\n<\/tr>\n<tr>\n<td>El. teno automatinis jungiklis<\/td>\n<td><\/td>\n<td>A<\/td>\n<td>C16<\/td>\n<\/tr>\n<tr>\n<td>El. teno maitinimo kabelis<\/td>\n<td><\/td>\n<td>mm\u00b2<\/td>\n<td>5 x 2.5<\/td>\n<\/tr>\n<\/tbody>\n<\/table>\n<p>&nbsp;<\/p>\n","protected":false},"excerpt":{"rendered":"<table class=\"woocommerce-product-attributes shop_attributes\" aria-label=\"Product Details\">\n<tbody>\n<tr class=\"woocommerce-product-attributes-item woocommerce-product-attributes-item--attribute_pa_gamintojas\">\n<th class=\"woocommerce-product-attributes-item__label\" scope=\"row\"><span class=\"wd-attr-name\"><span class=\"wd-attr-name-label\">Gamintojas<\/span><\/span><\/th>\n<td class=\"woocommerce-product-attributes-item__value\">Samsung<\/td>\n<\/tr>\n<tr class=\"woocommerce-product-attributes-item woocommerce-product-attributes-item--attribute_pa_galingumas\">\n<th class=\"woocommerce-product-attributes-item__label\" scope=\"row\"><span class=\"wd-attr-name\"><span class=\"wd-attr-name-label\">Galingumas<\/span><\/span><\/th>\n<td class=\"woocommerce-product-attributes-item__value\">12,5 kW<\/td>\n<\/tr>\n<tr class=\"woocommerce-product-attributes-item woocommerce-product-attributes-item--attribute_pa_garantija\">\n<th class=\"woocommerce-product-attributes-item__label\" scope=\"row\"><span class=\"wd-attr-name\"><span class=\"wd-attr-name-label\">Garantija<\/span><\/span><\/th>\n<td class=\"woocommerce-product-attributes-item__value\">5 metai<\/td>\n<\/tr>\n<tr class=\"woocommerce-product-attributes-item woocommerce-product-attributes-item--attribute_pa_prated\">\n<th class=\"woocommerce-product-attributes-item__label\" scope=\"row\"><span class=\"wd-attr-name\"><span class=\"wd-attr-name-label\">Prated, kW<\/span><\/span><\/th>\n<td class=\"woocommerce-product-attributes-item__value\">12,5<\/td>\n<\/tr>\n<tr class=\"woocommerce-product-attributes-item woocommerce-product-attributes-item--attribute_pa_silumossiurbliai\">\n<th class=\"woocommerce-product-attributes-item__label\" scope=\"row\"><span class=\"wd-attr-name\"><span class=\"wd-attr-name-label\">\u0160ilumos siurbliai<\/span><\/span><\/th>\n<td class=\"woocommerce-product-attributes-item__value\">Oras vanduo<\/td>\n<\/tr>\n<tr class=\"woocommerce-product-attributes-item woocommerce-product-attributes-item--attribute_pa_oras-vanduo-pasirinkimas\">\n<th class=\"woocommerce-product-attributes-item__label\" scope=\"row\"><span class=\"wd-attr-name\"><span class=\"wd-attr-name-label\">Oras vanduo<\/span><\/span><\/th>\n<td class=\"woocommerce-product-attributes-item__value\">Split<\/td>\n<\/tr>\n<tr class=\"woocommerce-product-attributes-item woocommerce-product-attributes-item--attribute_pa_talpos\">\n<th class=\"woocommerce-product-attributes-item__label\" scope=\"row\"><span class=\"wd-attr-name\"><span class=\"wd-attr-name-label\">Talpos<\/span><\/span><\/th>\n<td class=\"woocommerce-product-attributes-item__value\">Integruota talpa<\/td>\n<\/tr>\n<\/tbody>\n<\/table>\n","protected":false},"featured_media":27931,"template":"","meta":[],"product_brand":[89],"product_cat":[87],"product_tag":[],"class_list":{"0":"post-27930","1":"product","2":"type-product","3":"status-publish","4":"has-post-thumbnail","6":"product_brand-samsung","7":"product_cat-silumos-siurbliai-oras-vanduo","9":"first","10":"instock","11":"taxable","12":"shipping-taxable","13":"product-type-simple"},"_links":{"self":[{"href":"https:\/\/waterma.lt\/index.php\/wp-json\/wp\/v2\/product\/27930","targetHints":{"allow":["GET"]}}],"collection":[{"href":"https:\/\/waterma.lt\/index.php\/wp-json\/wp\/v2\/product"}],"about":[{"href":"https:\/\/waterma.lt\/index.php\/wp-json\/wp\/v2\/types\/product"}],"version-history":[{"count":1,"href":"https:\/\/waterma.lt\/index.php\/wp-json\/wp\/v2\/product\/27930\/revisions"}],"predecessor-version":[{"id":27932,"href":"https:\/\/waterma.lt\/index.php\/wp-json\/wp\/v2\/product\/27930\/revisions\/27932"}],"wp:featuredmedia":[{"embeddable":true,"href":"https:\/\/waterma.lt\/index.php\/wp-json\/wp\/v2\/media\/27931"}],"wp:attachment":[{"href":"https:\/\/waterma.lt\/index.php\/wp-json\/wp\/v2\/media?parent=27930"}],"wp:term":[{"taxonomy":"product_brand","embeddable":true,"href":"https:\/\/waterma.lt\/index.php\/wp-json\/wp\/v2\/product_brand?post=27930"},{"taxonomy":"product_cat","embeddable":true,"href":"https:\/\/waterma.lt\/index.php\/wp-json\/wp\/v2\/product_cat?post=27930"},{"taxonomy":"product_tag","embeddable":true,"href":"https:\/\/waterma.lt\/index.php\/wp-json\/wp\/v2\/product_tag?post=27930"}],"curies":[{"name":"wp","href":"https:\/\/api.w.org\/{rel}","templated":true}]}}